{"id":14,"date":"2024-03-06T17:07:40","date_gmt":"2024-03-06T17:07:40","guid":{"rendered":"https:\/\/autod.hagen-systeme.de\/?page_id=14"},"modified":"2024-03-06T17:07:40","modified_gmt":"2024-03-06T17:07:40","slug":"das-neue-museum-oeffnet-seine-tueren-2","status":"publish","type":"page","link":"https:\/\/autod.hagen-systeme.de\/","title":{"rendered":"Das neue Museum \u00f6ffnet seine T\u00fcren"},"content":{"rendered":"<div class=\"wp-block-group alignwide\"><div class=\"wp-block-group__inner-container is-layout-flow wp-block-group-is-layout-flow\"><h2 class=\"has-text-align-center wp-block-heading\">Die erste Adresse f\u00fcr Moderne Kunst in Nordschweden. In den Sommermonaten t\u00e4glich von 10 bis 18 Uhr ge\u00f6ffnet.<\/h2><\/div><\/div><div class=\"wp-block-columns alignwide is-layout-flex wp-container-core-columns-is-layout-9d6595d7 wp-block-columns-is-layout-flex\"><div class=\"wp-block-column is-layout-flow wp-block-column-is-layout-flow\"><div class=\"wp-block-group\"><div class=\"wp-block-group__inner-container is-layout-flow wp-block-group-is-layout-flow\"><figure class=\"wp-block-image alignfull size-full\"><img decoding=\"async\" src=\"https:\/\/autod.hagen-systeme.de\/wp-content\/themes\/twentytwenty\/assets\/images\/2020-three-quarters-1.png\" alt=\"\" class=\"wp-image-37\"\/><\/figure><h3 class=\"wp-block-heading\">Werke und Tage<\/h3><p>1. August \u2013 1. Dezember<\/p><div class=\"wp-block-button is-style-outline is-style-outline--1\"><a class=\"wp-block-button__link\" href=\"https:\/\/make.wordpress.org\/core\/2019\/09\/27\/block-editor-theme-related-updates-in-wordpress-5-3\/\">Weiterlesen<\/a><\/div><\/div><\/div><div class=\"wp-block-group\"><div class=\"wp-block-group__inner-container is-layout-flow wp-block-group-is-layout-flow\"><figure class=\"wp-block-image alignfull size-full\"><img decoding=\"async\" src=\"https:\/\/autod.hagen-systeme.de\/wp-content\/themes\/twentytwenty\/assets\/images\/2020-three-quarters-3.png\" alt=\"\" class=\"wp-image-37\"\/><\/figure><h3 class=\"wp-block-heading\">Kreative Schaupl\u00e4tze<\/h3><p>1. Oktober \u2013 1. Dezember<\/p><div class=\"wp-block-button is-style-outline is-style-outline--2\"><a class=\"wp-block-button__link\" href=\"https:\/\/make.wordpress.org\/core\/2019\/09\/27\/block-editor-theme-related-updates-in-wordpress-5-3\/\">Weiterlesen<\/a><\/div><\/div><\/div><\/div><div class=\"wp-block-column is-layout-flow wp-block-column-is-layout-flow\"><div class=\"wp-block-group\"><div class=\"wp-block-group__inner-container is-layout-flow wp-block-group-is-layout-flow\"><figure class=\"wp-block-image alignfull size-full\"><img decoding=\"async\" src=\"https:\/\/autod.hagen-systeme.de\/wp-content\/themes\/twentytwenty\/assets\/images\/2020-three-quarters-2.png\" alt=\"\" class=\"wp-image-37\"\/><\/figure><h3 class=\"wp-block-heading\">Leben und leben lassen<\/h3><p>1. August \u2013 1. Dezember<\/p><div class=\"wp-block-button is-style-outline is-style-outline--3\"><a class=\"wp-block-button__link\" href=\"https:\/\/make.wordpress.org\/core\/2019\/09\/27\/block-editor-theme-related-updates-in-wordpress-5-3\/\">Weiterlesen<\/a><\/div><\/div><\/div><div class=\"wp-block-group\"><div class=\"wp-block-group__inner-container is-layout-flow wp-block-group-is-layout-flow\"><figure class=\"wp-block-image alignfull size-full\"><img decoding=\"async\" src=\"https:\/\/autod.hagen-systeme.de\/wp-content\/themes\/twentytwenty\/assets\/images\/2020-three-quarters-4.png\" alt=\"\" class=\"wp-image-37\"\/><\/figure><h3 class=\"wp-block-heading\">Von Signac bis Matisse<\/h3><p>1. Oktober \u2013 1. Dezember<\/p><div class=\"wp-block-button is-style-outline is-style-outline--4\"><a class=\"wp-block-button__link\" href=\"https:\/\/make.wordpress.org\/core\/2019\/09\/27\/block-editor-theme-related-updates-in-wordpress-5-3\/\">Weiterlesen<\/a><\/div><\/div><\/div><\/div><\/div><figure class=\"wp-block-image alignfull size-full\"><img decoding=\"async\" src=\"https:\/\/autod.hagen-systeme.de\/wp-content\/themes\/twentytwenty\/assets\/images\/2020-landscape-2.png\" alt=\"\" class=\"wp-image-37\"\/><\/figure><div class=\"wp-block-group alignwide\"><div class=\"wp-block-group__inner-container is-layout-flow wp-block-group-is-layout-flow\"><h2 class=\"has-accent-color has-text-align-center wp-block-heading\">&#8222;Cyborgs, wie die Philosophin Donna Haraway feststellte, sind nicht ehrf\u00fcrchtig. Sie erinnern sich nicht an den Kosmos.&#8220;<\/h2><\/div><\/div><p class=\"has-drop-cap\">Auf sieben Etagen beeindruckender Architektur zeigt das neue Museum diverse Ausstellungen internationaler und zeitgen\u00f6ssischer Kunst, teilweise im Rahmen kunsthistorischer Retrospektiven. Existenzielle, politische und philosophische Fragen sind Bestandteil unseres Programms. Unsere Besucher sind herzlich eingeladen zu F\u00fchrungen, K\u00fcnstlergespr\u00e4chen, Vortr\u00e4gen, Filmvorf\u00fchrungen und anderen Veranstaltungen mit teils freiem Eintritt.<\/p><p>Die Ausstellungen werden vom \u201eMuseum der Zukunft\u201c in Zusammenarbeit mit K\u00fcnstlern und Museen auf der ganzen Welt produziert und finden oft internationale Anerkennung. Das Museum wurde vom Europ\u00e4ischen Museum des Jahres mit einer besonderen Auszeichnung gew\u00fcrdigt und geh\u00f6rte zu den Spitzenkandidaten f\u00fcr den schwedischen Museum of the Year Award, sowie f\u00fcr den Museumspreis des Europarates.<\/p><p><\/p><div class=\"wp-block-group alignwide has-background\" style=\"background-color:#ffffff\"><div class=\"wp-block-group__inner-container is-layout-flow wp-block-group-is-layout-flow\"><div class=\"wp-block-group\"><div class=\"wp-block-group__inner-container is-layout-flow wp-block-group-is-layout-flow\"><h2 class=\"has-text-align-center wp-block-heading\">Werde Mitglied und erhalte exklusive Angebote!<\/h2><p class=\"has-text-align-center\">Alle Mitglieder erhalten Zugang zu exklusiven Ausstellungen und Angeboten. Die Mitgliedschaft kostet 99.99&nbsp;\u20ac und wird j\u00e4hrlich abgerechnet.<\/p><div class=\"wp-block-button aligncenter\"><a class=\"wp-block-button__link\" href=\"https:\/\/make.wordpress.org\/core\/2019\/09\/27\/block-editor-theme-related-updates-in-wordpress-5-3\/\">Mitglied werden<\/a><\/div><\/div><\/div><\/div><\/div><figure class=\"wp-block-gallery alignwide columns-2 is-cropped wp-block-gallery-5 is-layout-flex wp-block-gallery-is-layout-flex\"><ul class=\"blocks-gallery-grid\"><li class=\"blocks-gallery-item\"><figure><img decoding=\"async\" src=\"https:\/\/autod.hagen-systeme.de\/wp-content\/themes\/twentytwenty\/assets\/images\/2020-square-2.png\" alt=\"\" data-id=\"39\" data-full-url=\"https:\/\/autod.hagen-systeme.de\/wp-content\/themes\/twentytwenty\/assets\/images\/2020-square-2.png\" data-link=\"assets\/images\/2020-square-2\/\" class=\"wp-image-39\"\/><\/figure><\/li><li class=\"blocks-gallery-item\"><figure><img decoding=\"async\" src=\"https:\/\/autod.hagen-systeme.de\/wp-content\/themes\/twentytwenty\/assets\/images\/2020-square-1.png\" alt=\"\" data-id=\"38\" data-full-url=\"https:\/\/autod.hagen-systeme.de\/wp-content\/themes\/twentytwenty\/assets\/images\/2020-square-1.png\" data-link=\"https:\/\/autod.hagen-systeme.de\/wp-content\/themes\/twentytwenty\/assets\/images\/2020-square-1\/\" class=\"wp-image-38\"\/><\/figure><\/li><\/ul><\/figure>","protected":false},"excerpt":{"rendered":"<p>Die erste Adresse f\u00fcr Moderne Kunst in Nordschweden. In den Sommermonaten t\u00e4glich von 10 bis 18 Uhr ge\u00f6ffnet. Werke und Tage 1. August \u2013 1. Dezember Kreative Schaupl\u00e4tze 1. Oktober \u2013 1. Dezember Leben und leben lassen 1. August \u2013 1. Dezember Von Signac bis Matisse 1. Oktober \u2013 1. Dezember &#8222;Cyborgs, wie die Philosophin<\/p>\n<div class=\"more-link\">\n\t\t\t\t <a href=\"https:\/\/autod.hagen-systeme.de\/\" class=\"link-btn\"><span>Weiterlesen <\/span> <i class=\"icofont-thin-double-right\"><\/i><\/a>\n\t\t\t<\/div>\n","protected":false},"author":1,"featured_media":13,"parent":0,"menu_order":0,"comment_status":"closed","ping_status":"closed","template":"","meta":{"footnotes":""},"class_list":["post-14","page","type-page","status-publish","has-post-thumbnail","hentry"],"_links":{"self":[{"href":"https:\/\/autod.hagen-systeme.de\/index.php?rest_route=\/wp\/v2\/pages\/14","targetHints":{"allow":["GET"]}}],"collection":[{"href":"https:\/\/autod.hagen-systeme.de\/index.php?rest_route=\/wp\/v2\/pages"}],"about":[{"href":"https:\/\/autod.hagen-systeme.de\/index.php?rest_route=\/wp\/v2\/types\/page"}],"author":[{"embeddable":true,"href":"https:\/\/autod.hagen-systeme.de\/index.php?rest_route=\/wp\/v2\/users\/1"}],"replies":[{"embeddable":true,"href":"https:\/\/autod.hagen-systeme.de\/index.php?rest_route=%2Fwp%2Fv2%2Fcomments&post=14"}],"version-history":[{"count":1,"href":"https:\/\/autod.hagen-systeme.de\/index.php?rest_route=\/wp\/v2\/pages\/14\/revisions"}],"predecessor-version":[{"id":19,"href":"https:\/\/autod.hagen-systeme.de\/index.php?rest_route=\/wp\/v2\/pages\/14\/revisions\/19"}],"wp:featuredmedia":[{"embeddable":true,"href":"https:\/\/autod.hagen-systeme.de\/index.php?rest_route=\/wp\/v2\/media\/13"}],"wp:attachment":[{"href":"https:\/\/autod.hagen-systeme.de\/index.php?rest_route=%2Fwp%2Fv2%2Fmedia&parent=14"}],"curies":[{"name":"wp","href":"https:\/\/api.w.org\/{rel}","templated":true}]}}