{"id":15,"date":"2024-03-06T17:07:40","date_gmt":"2024-03-06T17:07:40","guid":{"rendered":"https:\/\/autod.hagen-systeme.de\/?page_id=15"},"modified":"2024-03-06T17:07:40","modified_gmt":"2024-03-06T17:07:40","slug":"ueber-uns","status":"publish","type":"page","link":"https:\/\/autod.hagen-systeme.de\/?page_id=15","title":{"rendered":"\u00dcber uns"},"content":{"rendered":"\n<p>Vielleicht bist du k\u00fcnstlerisch t\u00e4tig und m\u00f6chtest dich und deine Arbeiten hier vorstellen. Oder du hast vielleicht ein Unternehmen, dessen Mission du hier beschreiben m\u00f6chtest.<\/p>\n","protected":false},"excerpt":{"rendered":"<p>Vielleicht bist du k\u00fcnstlerisch t\u00e4tig und m\u00f6chtest dich und deine Arbeiten hier vorstellen. Oder du hast vielleicht ein Unternehmen, dessen Mission du hier beschreiben m\u00f6chtest.<\/p>\n","protected":false},"author":1,"featured_media":0,"parent":0,"menu_order":0,"comment_status":"closed","ping_status":"closed","template":"","meta":{"footnotes":""},"class_list":["post-15","page","type-page","status-publish","hentry"],"_links":{"self":[{"href":"https:\/\/autod.hagen-systeme.de\/index.php?rest_route=\/wp\/v2\/pages\/15","targetHints":{"allow":["GET"]}}],"collection":[{"href":"https:\/\/autod.hagen-systeme.de\/index.php?rest_route=\/wp\/v2\/pages"}],"about":[{"href":"https:\/\/autod.hagen-systeme.de\/index.php?rest_route=\/wp\/v2\/types\/page"}],"author":[{"embeddable":true,"href":"https:\/\/autod.hagen-systeme.de\/index.php?rest_route=\/wp\/v2\/users\/1"}],"replies":[{"embeddable":true,"href":"https:\/\/autod.hagen-systeme.de\/index.php?rest_route=%2Fwp%2Fv2%2Fcomments&post=15"}],"version-history":[{"count":1,"href":"https:\/\/autod.hagen-systeme.de\/index.php?rest_route=\/wp\/v2\/pages\/15\/revisions"}],"predecessor-version":[{"id":20,"href":"https:\/\/autod.hagen-systeme.de\/index.php?rest_route=\/wp\/v2\/pages\/15\/revisions\/20"}],"wp:attachment":[{"href":"https:\/\/autod.hagen-systeme.de\/index.php?rest_route=%2Fwp%2Fv2%2Fmedia&parent=15"}],"curies":[{"name":"wp","href":"https:\/\/api.w.org\/{rel}","templated":true}]}}